{"id":112,"date":"2020-02-12T18:13:35","date_gmt":"2020-02-12T17:13:35","guid":{"rendered":"http:\/\/burg-konradsheim.at\/blog\/?page_id=112"},"modified":"2021-02-03T20:00:15","modified_gmt":"2021-02-03T19:00:15","slug":"burgkarte","status":"publish","type":"page","link":"https:\/\/burg-konradsheim.at\/blog\/burgkarte\/","title":{"rendered":"Fundkartierungen"},"content":{"rendered":"\n<p><strong>Literatur \/ Quellen:\u00a0<\/strong><\/p>\n\n\n\n<p>N.\nFarfeleder 1983, Die Kirche zum heiligen Nikolaus in Konradsheim in ihrer\nGeschichte. Konradsheim 1983, 5ff.<br>\n<br>\nN. Farfeleder\n2020, Das Bauernhaus Zattelsberg in Konradsheim. Greinsfurth 2020, 9 f.<br>\n<br>\nE. Friess 1949, Aus Waidhofens \u00e4lterer Vergangenheit. Einiges \u00fcber das Werden,\nLeben und Wesen der bisch\u00f6flichen Stadt im Ybbstale, in: LANDLINGER, Johann\n(Hrsg.), Die alte Eisenstadt Waidhofen a. d. Ybbs. Festschrift zur Feier ihres\n700-j\u00e4hrigen Bestehens in der Heimatwoche 23. bis 31. Juli 1949, Waidhofen\/Ybbs\n1949, 34.<br>\n<br>\nW. Hilger 2005, Das Stadtplagenbild im Heimatmuseum von Waidhofen an der Ybbs.\nIn: 100 Jahre Musealverein Waidhofen\/Ybbs. 1905 \u2013 2005. Waidhofen a. d. Ybbs.\n224\u2013244.<br>\n<br>\nN. Hofer et al., BDA (Hrsg.) 2010, Handbuch zur Terminologie der mittelalterlichen\nund neuzeitlichen Keramik in \u00d6sterreich. F\u00d6Mat A, Sonderheft 12, Wien 2010,\n6-66. <br>\n<br>\nM. Kaltenegger, T. K\u00fchtreiber, G. Reichhalter, P. Schicht, H. Weigl 2007,\nBurgen Mostviertel (hg. v. Falko Daim). Wien 2007, 350 f. <br>\n<br>\nK. Kremslehner, KG Konradsheim (Hochmittelalter &amp; Sp\u00e4tmittelalter), BDA\nOrtsakten Amstetten, 10.\n\nK.\nKremslehner 1995, Neue arch\u00e4ologische Funde und Entdeckungen aus dem Bezirk\nAmstetten. Heimatkundliche Beilagen zum Amtsblatt der Bezirkshauptmannschaft\nAmstetten 7, 1995, 35\u201339, 38. <br><br>\nT. K\u00fchtreiber, O. Wagener 2006, Die Burg vor der Burg als\nForschungsproblem-Vorg\u00e4ngeranlage, Vorwerk, Belagerungsanlage? In: H. M\u00fcller\n&amp; R. Schmitt (Hrsg.), <em>Zwinger und Vorbefestigungen. Tagung vom 10. bis\n12. November 2006 auf Schloss Neuenburg bei Freyburg (Unstrut),<\/em>\nLangenwei\u00dfbach 2007, 19-35.<br><br>\nP. Maier 2006, Waidhofen an der Ybbs, Spuren der Geschichte. Waidhofen an der\nYbbs 2006, 7 ff., 66 ff.<br><br>\nJ. Maurer 2013, Lebensalltag zur Zeit von \u00d6tzi. Das Mostviertel im 4.\nJahrtausend v. Chr. In: VEMOG (Hrsg.), <em>Mosaiksteine. Spurensuche in der Mostviertler\nGeschichte,<\/em> Linz 2013, 70\u201385. <br><br>\nJ. Maurer 2010, KG Konradsheim (Jungsteinzeit). <em>Fundberichte aus \u00d6sterreich\n49,<\/em> 2010, 335 f.<br><br>\nG. Raab 2010, Arch\u00e4ologische Untersuchungen an der ehemaligen Burg Konradsheim,\nunpublizierte Bachelor-Arbeit an der Universit\u00e4t Wien, WS2010, Institut f\u00fcr Ur-\nund Fr\u00fchgeschichte Wien, 20-63.<br><br>\nG. Raab 2019, Konradsheim \u2013 verschwundene Burg? In: VEMOG (Hrsg.), <em>Mosaiksteine\n2. Spurensuche in der Mostviertler Geschichte,<\/em> Waidhofen\/Ybbs 2019,\n48-61.<br><br>\nG. Raab 2020, Die arch\u00e4ologischen Spuren von Konradsheim. In: Museal Verein\nWaidhofen an der Ybbs (Hrsg.), Historische Beitr\u00e4ge 2019\/2020. Waidhofen\/Ybbs\n2020, 7-40.<br><br>\nO. Schmitsberger 1979, KG Konradsheim (Mittelalter), Fundberichte aus\n\u00d6sterreich 18, 1979, 317.<br><br>\nH. Schwammenh\u00f6fer 1988, Arch\u00e4ologische Denkmale II. Viertel ober dem\nWienerwald. Wien o. J. (1988), Nr. 66.<br><br>\nR. Totschnig, H. Schiel 2019, Arch\u00e4ologisch-Geophysikalische Prospektion\nKonradsheim. Endbericht, ZAMG Bereich DMM \u2013 Abteilung Geophysik Archeo\nProspections, Wien 2019, 10-26.<br><br>\nH.\nWeigl 1991, Materialien zur Geschichte des ritterm\u00e4\u00dfigen Adels im s\u00fcdwestlichen\n\u00d6sterreich unter der Enns im 13. und 14. Jahrhundert. Forschungen zur\nLandeskunde von Nieder\u00f6sterreich 26, Wien 1991, 16 ff., 97 ff.<br><br>\nE. Zankl 2020, Die Burg Konradsheim. Unver\u00f6ffentlichtes Manuskript, Waidhofen\nan der Ybbs 2020.\n\n\n\n<\/p>\n","protected":false},"excerpt":{"rendered":"<p>Literatur \/ Quellen:\u00a0 N. Farfeleder 1983, Die Kirche zum heiligen Nikolaus in Konradsheim in ihrer Geschichte. Konradsheim 1983, 5ff. N. Farfeleder 2020, Das Bauernhaus Zattelsberg in Konradsheim. Greinsfurth 2020, 9 f. E. Friess 1949, Aus Waidhofens \u00e4lterer Vergangenheit. Einiges \u00fcber das Werden, Leben und Wesen der bisch\u00f6flichen Stadt im Ybbstale, in: LANDLINGER, Johann (Hrsg.), Die [&hellip;]<\/p>\n","protected":false},"author":1,"featured_media":0,"parent":0,"menu_order":0,"comment_status":"closed","ping_status":"closed","template":"","meta":{"ngg_post_thumbnail":0,"footnotes":""},"_links":{"self":[{"href":"https:\/\/burg-konradsheim.at\/blog\/wp-json\/wp\/v2\/pages\/112"}],"collection":[{"href":"https:\/\/burg-konradsheim.at\/blog\/wp-json\/wp\/v2\/pages"}],"about":[{"href":"https:\/\/burg-konradsheim.at\/blog\/wp-json\/wp\/v2\/types\/page"}],"author":[{"embeddable":true,"href":"https:\/\/burg-konradsheim.at\/blog\/wp-json\/wp\/v2\/users\/1"}],"replies":[{"embeddable":true,"href":"https:\/\/burg-konradsheim.at\/blog\/wp-json\/wp\/v2\/comments?post=112"}],"version-history":[{"count":7,"href":"https:\/\/burg-konradsheim.at\/blog\/wp-json\/wp\/v2\/pages\/112\/revisions"}],"predecessor-version":[{"id":300,"href":"https:\/\/burg-konradsheim.at\/blog\/wp-json\/wp\/v2\/pages\/112\/revisions\/300"}],"wp:attachment":[{"href":"https:\/\/burg-konradsheim.at\/blog\/wp-json\/wp\/v2\/media?parent=112"}],"curies":[{"name":"wp","href":"https:\/\/api.w.org\/{rel}","templated":true}]}}