{"id":17,"date":"2019-11-02T22:16:17","date_gmt":"2019-11-02T21:16:17","guid":{"rendered":"http:\/\/localhost\/konradsheim\/?page_id=17"},"modified":"2020-06-13T10:03:10","modified_gmt":"2020-06-13T08:03:10","slug":"das-projekt","status":"publish","type":"page","link":"https:\/\/burg-konradsheim.at\/blog\/das-projekt\/","title":{"rendered":"Das Projekt: Konradsheim &#8211; die verschwundene Burg"},"content":{"rendered":"\n<p>Der Boden ist ein wichtiger Speicher der Menschheitsgeschichte.<br>Die Arch\u00e4ologie bringt die Spuren der Vergangenheit wieder ans Tageslicht. <\/p>\n\n\n\n<p> Nach \u00fcber 700 Jahren Dornr\u00f6schenschlaf taucht so auch die verschwundene Burganlage Konradsheim bei Waidhofen an der Ybbs mithilfe von Virtual Reality und 3D-Animationen wieder aus dem Untergrund auf.<br>Die Kombination von Wissenschaft und Kunst schafft eine virtuelle Zeitreise, in der Sie die Welt des Mittelalters erleben k\u00f6nnen.<br>Vor Ort f\u00fchrt Arch\u00e4ologe Gerald Raab zu den Bereichen der verschwundenen Burg. VR-Brillen und Smartphones machen die verschwundene Burg wieder sichtbar. <\/p>\n\n\n\n<p> Am Abend des 5. Junis 2021 beleuchten wissenschaftliche Vortr\u00e4ge im Haus Konradsheim die 5000-j\u00e4hrige Geschichte des Burgh\u00fcgels. Ein zus\u00e4tzlicher Schauraum im Kirchengeb\u00e4ude zeigt Originalfunde und geschichtliche Informationen zur Burg und ihrem Umfeld. Ein arch\u00e4ologischer Sandkasten vermittelt auch den j\u00fcngsten Forschern die Suche nach der Burg.<\/p>\n\n\n\n<p>Ziel ist, die historische Bedeutung des Ortes Konradsheim wieder in das \u00f6ffentliche Bewusstsein zu r\u00fccken. <\/p>\n\n\n\n<figure class=\"wp-block-image\"><img loading=\"lazy\" decoding=\"async\" width=\"1024\" height=\"300\" src=\"http:\/\/burg-konradsheim.at\/blog\/wp-content\/uploads\/2020\/01\/Pano-1024x300.jpg\" alt=\"Panorama Konradsheim mit Sicht Richtung NO (Foto: G. Raab)\" class=\"wp-image-76\" srcset=\"https:\/\/burg-konradsheim.at\/blog\/wp-content\/uploads\/2020\/01\/Pano-1024x300.jpg 1024w, https:\/\/burg-konradsheim.at\/blog\/wp-content\/uploads\/2020\/01\/Pano-300x88.jpg 300w, https:\/\/burg-konradsheim.at\/blog\/wp-content\/uploads\/2020\/01\/Pano-768x225.jpg 768w\" sizes=\"(max-width: 1024px) 100vw, 1024px\" \/><figcaption> Panorama Konradsheim mit Sicht Richtung NO (Foto: G. Raab) <\/figcaption><\/figure>\n\n\n\n<figure class=\"wp-block-image\"><img loading=\"lazy\" decoding=\"async\" width=\"1024\" height=\"683\" src=\"http:\/\/burg-konradsheim.at\/blog\/wp-content\/uploads\/2020\/01\/Team-1024x683.jpg\" alt=\"\" class=\"wp-image-77\" srcset=\"https:\/\/burg-konradsheim.at\/blog\/wp-content\/uploads\/2020\/01\/Team-1024x683.jpg 1024w, https:\/\/burg-konradsheim.at\/blog\/wp-content\/uploads\/2020\/01\/Team-300x200.jpg 300w, https:\/\/burg-konradsheim.at\/blog\/wp-content\/uploads\/2020\/01\/Team-768x512.jpg 768w\" sizes=\"(max-width: 1024px) 100vw, 1024px\" \/><figcaption> Von links nach rechts: A. Lueger (Pfarre KH), G. Raab, M. H\u00f6nickl (Dorferneuerung und Haus KH), L. Brenn (Gemeinderat WY\/KH), N. Farfeleder, W. Rechberger bei Vorarbeiten im Sommer 2019 (Foto: K. Seisenbacher) <\/figcaption><\/figure>\n","protected":false},"excerpt":{"rendered":"<p>Der Boden ist ein wichtiger Speicher der Menschheitsgeschichte.Die Arch\u00e4ologie bringt die Spuren der Vergangenheit wieder ans Tageslicht. Nach \u00fcber 700 Jahren Dornr\u00f6schenschlaf taucht so auch die verschwundene Burganlage Konradsheim bei Waidhofen an der Ybbs mithilfe von Virtual Reality und 3D-Animationen wieder aus dem Untergrund auf.Die Kombination von Wissenschaft und Kunst schafft eine virtuelle Zeitreise, in [&hellip;]<\/p>\n","protected":false},"author":1,"featured_media":0,"parent":0,"menu_order":0,"comment_status":"closed","ping_status":"closed","template":"","meta":{"ngg_post_thumbnail":0,"footnotes":""},"_links":{"self":[{"href":"https:\/\/burg-konradsheim.at\/blog\/wp-json\/wp\/v2\/pages\/17"}],"collection":[{"href":"https:\/\/burg-konradsheim.at\/blog\/wp-json\/wp\/v2\/pages"}],"about":[{"href":"https:\/\/burg-konradsheim.at\/blog\/wp-json\/wp\/v2\/types\/page"}],"author":[{"embeddable":true,"href":"https:\/\/burg-konradsheim.at\/blog\/wp-json\/wp\/v2\/users\/1"}],"replies":[{"embeddable":true,"href":"https:\/\/burg-konradsheim.at\/blog\/wp-json\/wp\/v2\/comments?post=17"}],"version-history":[{"count":7,"href":"https:\/\/burg-konradsheim.at\/blog\/wp-json\/wp\/v2\/pages\/17\/revisions"}],"predecessor-version":[{"id":269,"href":"https:\/\/burg-konradsheim.at\/blog\/wp-json\/wp\/v2\/pages\/17\/revisions\/269"}],"wp:attachment":[{"href":"https:\/\/burg-konradsheim.at\/blog\/wp-json\/wp\/v2\/media?parent=17"}],"curies":[{"name":"wp","href":"https:\/\/api.w.org\/{rel}","templated":true}]}}