{"id":298,"date":"2021-02-03T19:56:58","date_gmt":"2021-02-03T18:56:58","guid":{"rendered":"http:\/\/burg-konradsheim.at\/blog\/?page_id=298"},"modified":"2021-02-17T11:10:19","modified_gmt":"2021-02-17T10:10:19","slug":"literatur-quellen","status":"publish","type":"page","link":"https:\/\/burg-konradsheim.at\/blog\/literatur-quellen\/","title":{"rendered":"Literatur \/ Quellen"},"content":{"rendered":"\n<p>N. Farfeleder 1983, Die Kirche zum heiligen Nikolaus in Konradsheim in ihrer Geschichte. Konradsheim 1983, 5ff.<br> <br> N. Farfeleder 2020, Das Bauernhaus Zattelsberg in Konradsheim. Greinsfurth 2020, 9 f.<br> <br> E. Friess 1949, Aus Waidhofens \u00e4lterer Vergangenheit. Einiges \u00fcber das Werden, Leben und Wesen der bisch\u00f6flichen Stadt im Ybbstale, in: LANDLINGER, Johann (Hrsg.), Die alte Eisenstadt Waidhofen a. d. Ybbs. Festschrift zur Feier ihres 700-j\u00e4hrigen Bestehens in der Heimatwoche 23. bis 31. Juli 1949, Waidhofen\/Ybbs 1949, 34.<br> <br> W. Hilger 2005, Das Stadtplagenbild im Heimatmuseum von Waidhofen an der Ybbs. In: 100 Jahre Musealverein Waidhofen\/Ybbs. 1905 \u2013 2005. Waidhofen a. d. Ybbs. 224\u2013244.<br> <br> N. Hofer et al., BDA (Hrsg.) 2010, Handbuch zur Terminologie der mittelalterlichen und neuzeitlichen Keramik in \u00d6sterreich. F\u00d6Mat A, Sonderheft 12, Wien 2010, 6-66. <br> <br> M. Kaltenegger, T. K\u00fchtreiber, G. Reichhalter, P. Schicht, H. Weigl 2007, Burgen Mostviertel (hg. v. Falko Daim). Wien 2007, 350 f. <br> <br> K. Kremslehner, KG Konradsheim (Hochmittelalter &amp; Sp\u00e4tmittelalter), BDA Ortsakten Amstetten, 10. K. Kremslehner 1995, Neue arch\u00e4ologische Funde und Entdeckungen aus dem Bezirk Amstetten. Heimatkundliche Beilagen zum Amtsblatt der Bezirkshauptmannschaft Amstetten 7, 1995, 35\u201339, 38. <br><br> T. K\u00fchtreiber, O. Wagener 2006, Die Burg vor der Burg als Forschungsproblem-Vorg\u00e4ngeranlage, Vorwerk, Belagerungsanlage? In: H. M\u00fcller &amp; R. Schmitt (Hrsg.), <em>Zwinger und Vorbefestigungen. Tagung vom 10. bis 12. November 2006 auf Schloss Neuenburg bei Freyburg (Unstrut),<\/em> Langenwei\u00dfbach 2007, 19-35.<br><br> P. Maier 2006, Waidhofen an der Ybbs, Spuren der Geschichte. Waidhofen an der Ybbs 2006, 7 ff., 66 ff.<br><br> J. Maurer 2013, Lebensalltag zur Zeit von \u00d6tzi. Das Mostviertel im 4. Jahrtausend v. Chr. In: VEMOG (Hrsg.), <em>Mosaiksteine. Spurensuche in der Mostviertler Geschichte,<\/em> Linz 2013, 70\u201385. <br><br> J. Maurer 2010, KG Konradsheim (Jungsteinzeit). <em>Fundberichte aus \u00d6sterreich 49,<\/em> 2010, 335 f.<br><br> G. Raab 2010, Arch\u00e4ologische Untersuchungen an der ehemaligen Burg Konradsheim, unpublizierte Bachelor-Arbeit an der Universit\u00e4t Wien, WS2010, Institut f\u00fcr Ur- und Fr\u00fchgeschichte Wien, 20-63.<br><br> G. Raab 2019, Konradsheim \u2013 verschwundene Burg? In: VEMOG (Hrsg.), <em>Mosaiksteine 2. Spurensuche in der Mostviertler Geschichte,<\/em> Waidhofen\/Ybbs 2019, 48-61.<br><br> G. Raab 2020, Die arch\u00e4ologischen Spuren von Konradsheim. In: Museal Verein Waidhofen an der Ybbs (Hrsg.), Historische Beitr\u00e4ge 2019\/2020. Waidhofen\/Ybbs 2020, 7-40.<br><br> O. Schmitsberger 1979, KG Konradsheim (Mittelalter), Fundberichte aus \u00d6sterreich 18, 1979, 317.<br><br> H. Schwammenh\u00f6fer 1988, Arch\u00e4ologische Denkmale II. Viertel ober dem Wienerwald. Wien o. J. (1988), Nr. 66.<br><br> R. Totschnig, H. Schiel 2019, Arch\u00e4ologisch-Geophysikalische Prospektion Konradsheim. Endbericht, ZAMG Bereich DMM \u2013 Abteilung Geophysik Archeo Prospections, Wien 2019, 10-26.<br><br> H. Weigl 1991, Materialien zur Geschichte des ritterm\u00e4\u00dfigen Adels im s\u00fcdwestlichen \u00d6sterreich unter der Enns im 13. und 14. Jahrhundert. Forschungen zur Landeskunde von Nieder\u00f6sterreich 26, Wien 1991, 16 ff., 97 ff.<br><br> E. Zankl 2020, Die Burg Konradsheim. Unver\u00f6ffentlichtes Manuskript, Waidhofen an der Ybbs 2020. <\/p>\n\n\n\n<p>\n\n800 Jahre Waidhofen a. d. Ybbs 1186-1986.<br>F. Richter, M. Settele, W. Sobotka, W. Zambal, Stadt Waidhofen\/Ybbs (Hrsg.) 1986, S. 13-20\n\n<\/p>\n","protected":false},"excerpt":{"rendered":"<p>N. Farfeleder 1983, Die Kirche zum heiligen Nikolaus in Konradsheim in ihrer Geschichte. Konradsheim 1983, 5ff. N. Farfeleder 2020, Das Bauernhaus Zattelsberg in Konradsheim. Greinsfurth 2020, 9 f. E. Friess 1949, Aus Waidhofens \u00e4lterer Vergangenheit. Einiges \u00fcber das Werden, Leben und Wesen der bisch\u00f6flichen Stadt im Ybbstale, in: LANDLINGER, Johann (Hrsg.), Die alte Eisenstadt Waidhofen [&hellip;]<\/p>\n","protected":false},"author":1,"featured_media":0,"parent":0,"menu_order":0,"comment_status":"closed","ping_status":"closed","template":"","meta":{"ngg_post_thumbnail":0,"footnotes":""},"_links":{"self":[{"href":"https:\/\/burg-konradsheim.at\/blog\/wp-json\/wp\/v2\/pages\/298"}],"collection":[{"href":"https:\/\/burg-konradsheim.at\/blog\/wp-json\/wp\/v2\/pages"}],"about":[{"href":"https:\/\/burg-konradsheim.at\/blog\/wp-json\/wp\/v2\/types\/page"}],"author":[{"embeddable":true,"href":"https:\/\/burg-konradsheim.at\/blog\/wp-json\/wp\/v2\/users\/1"}],"replies":[{"embeddable":true,"href":"https:\/\/burg-konradsheim.at\/blog\/wp-json\/wp\/v2\/comments?post=298"}],"version-history":[{"count":3,"href":"https:\/\/burg-konradsheim.at\/blog\/wp-json\/wp\/v2\/pages\/298\/revisions"}],"predecessor-version":[{"id":303,"href":"https:\/\/burg-konradsheim.at\/blog\/wp-json\/wp\/v2\/pages\/298\/revisions\/303"}],"wp:attachment":[{"href":"https:\/\/burg-konradsheim.at\/blog\/wp-json\/wp\/v2\/media?parent=298"}],"curies":[{"name":"wp","href":"https:\/\/api.w.org\/{rel}","templated":true}]}}